{"id":7425,"date":"2024-05-07T04:42:42","date_gmt":"2024-05-06T20:42:42","guid":{"rendered":"https:\/\/dtcworld.com\/my?post_type=product&#038;p=7425"},"modified":"2025-06-16T12:44:50","modified_gmt":"2025-06-16T04:44:50","slug":"c971-paper-stamp-maker","status":"publish","type":"product","link":"https:\/\/dtcworld.com\/my\/product\/c971-paper-stamp-maker\/","title":{"rendered":"Paper Stamp Maker"},"content":{"rendered":"<p style=\"text-align: justify;\">Make a statement for your branding with our luxurious embossed logo Stamp Maker. You can proudly display your company&#8217;s logo on any paper product you send to your clients. Imprint your branding with precision onto cards, envelopes, and even paper documents. Your clients will be impressed by the intricate embossed stamp, and you&#8217;ll be able to create a stunning piece of branding that will be remembered.<\/p>\n<p style=\"text-align: justify;\">\n<p style=\"text-align: justify;\">Related blogs to read:<\/p>\n<p><span style=\"text-align: start;\"><a href=\"https:\/\/dtcworld.com.vn\/blogs\/10-luxury-corporate-gift-ideas-to-impress-customers-vips-so-black-collection\" target=\"_blank\" rel=\"noopener\">TOP 10 \u00dd T\u01af\u1edeNG QU\u00c0 T\u1eb6NG DOANH NGHI\u1ec6P SANG TR\u1eccNG GI\u00daP T\u1ea0O \u1ea4N T\u01af\u1ee2NG T\u1ed0T \u0110\u1ebeN KH\u00c1CH H\u00c0NG &#8211; B\u1ed8 S\u01afU T\u1eacP \u201cM\u00c0U \u0110EN \u0110\u1eb2NG C\u1ea4P\u201d<\/a>\u00a0<\/span><\/p>\n<p><a href=\"https:\/\/dtcworld.com.vn\/blogs\/why-it-is-important-to-engage-a-good-global-sourcing-company-for-your-marketing-and-gifting-needs\" target=\"_blank\" rel=\"noopener\">T\u1ea6M QUAN TR\u1eccNG C\u1ee6A VI\u1ec6C K\u1ebeT N\u1ed0I T\u1ed0T V\u1edaI C\u00d4NG TY CUNG \u1ee8NG TO\u00c0N C\u1ea6U CHO C\u00c1C CHI\u1ebeN D\u1ecaCH MARKETING V\u00c0 QU\u00c0 T\u1eb6NG C\u1ee6A B\u1ea0N L\u00c0 G\u00cc?<\/a><span style=\"text-align: start;\"><br \/>\n<\/span><a href=\"https:\/\/dtcworld.com.vn\/blogs\/10-best-business-gift-ideas-for-corporate-swag-gift-2022\" target=\"_blank\" rel=\"noopener\">Top 10 \u00dd T\u01b0\u1edfng Qu\u00e0 T\u1eb7ng Doanh Nghi\u1ec7p T\u0103ng \u0110\u1ed9 Nh\u1eadn Di\u1ec7n Th\u01b0\u01a1ng Hi\u1ec7u N\u0103m 2022<\/a><\/p>\n<p>&nbsp;<\/p>\n<p>Contact our regional offices below to find out how we can upgrade your\u00a0business communication abilities with customised corporate gifting:<\/p>\n<p><a href=\"https:\/\/dtcworld.com\" target=\"_blank\" rel=\"noopener\">DTC World Singapore office<\/a><\/p>\n<p><a href=\"https:\/\/dtcworld.com\/my\" target=\"_blank\" rel=\"noopener\">DTC World Malaysia office<\/a><\/p>\n<p><a href=\"https:\/\/dtcworld.com.vn\" target=\"_blank\" rel=\"noopener\">DTC World Vietnam office<\/a><\/p>\n","protected":false},"excerpt":{"rendered":"<p>Make a statement for your branding with our luxurious embossed logo Stamp Maker. You can proudly display your company&#8217;s logo [&hellip;]<\/p>\n","protected":false},"featured_media":13557,"template":"","meta":{"site-sidebar-layout":"default","site-content-layout":"","ast-site-content-layout":"default","site-content-style":"default","site-sidebar-style":"default","ast-global-header-display":"","ast-banner-title-visibility":"","ast-main-header-display":"","ast-hfb-above-header-display":"","ast-hfb-below-header-display":"","ast-hfb-mobile-header-display":"","site-post-title":"","ast-breadcrumbs-content":"","ast-featured-img":"","footer-sml-layout":"","theme-transparent-header-meta":"default","adv-header-id-meta":"","stick-header-meta":"","header-above-stick-meta":"","header-main-stick-meta":"","header-below-stick-meta":"","astra-migrate-meta-layouts":"set","ast-page-background-enabled":"default","ast-page-background-meta":{"desktop":{"background-color":"var(--ast-global-color-4)","background-image":"","background-repeat":"repeat","background-position":"center center","background-size":"auto","background-attachment":"scroll","background-type":"","background-media":"","overlay-type":"","overlay-color":"","overlay-opacity":"","overlay-gradient":""},"tablet":{"background-color":"","background-image":"","background-repeat":"repeat","background-position":"center center","background-size":"auto","background-attachment":"scroll","background-type":"","background-media":"","overlay-type":"","overlay-color":"","overlay-opacity":"","overlay-gradient":""},"mobile":{"background-color":"","background-image":"","background-repeat":"repeat","background-position":"center center","background-size":"auto","background-attachment":"scroll","background-type":"","background-media":"","overlay-type":"","overlay-color":"","overlay-opacity":"","overlay-gradient":""}},"ast-content-background-meta":{"desktop":{"background-color":"var(--ast-global-color-5)","background-image":"","background-repeat":"repeat","background-position":"center center","background-size":"auto","background-attachment":"scroll","background-type":"","background-media":"","overlay-type":"","overlay-color":"","overlay-opacity":"","overlay-gradient":""},"tablet":{"background-color":"var(--ast-global-color-5)","background-image":"","background-repeat":"repeat","background-position":"center center","background-size":"auto","background-attachment":"scroll","background-type":"","background-media":"","overlay-type":"","overlay-color":"","overlay-opacity":"","overlay-gradient":""},"mobile":{"background-color":"var(--ast-global-color-5)","background-image":"","background-repeat":"repeat","background-position":"center center","background-size":"auto","background-attachment":"scroll","background-type":"","background-media":"","overlay-type":"","overlay-color":"","overlay-opacity":"","overlay-gradient":""}}},"product_brand":[],"product_cat":[781,550],"product_tag":[],"class_list":{"0":"post-7425","1":"product","2":"type-product","3":"status-publish","4":"has-post-thumbnail","6":"product_cat-office-stationeries","7":"product_cat-stationery","8":"desktop-align-left","9":"tablet-align-left","10":"mobile-align-left","12":"first","13":"instock","14":"shipping-taxable","15":"purchasable","16":"product-type-simple"},"yoast_head":"<!-- This site is optimized with the Yoast SEO plugin v27.4 - https:\/\/yoast.com\/product\/yoast-seo-wordpress\/ -->\n<title>Paper Stamp Maker - DTC World<\/title>\n<meta name=\"robots\" content=\"index, follow, max-snippet:-1, max-image-preview:large, max-video-preview:-1\" \/>\n<link rel=\"canonical\" href=\"https:\/\/dtcworld.com\/my\/product\/c971-paper-stamp-maker\/\" \/>\n<meta property=\"og:locale\" content=\"en_GB\" \/>\n<meta property=\"og:type\" content=\"article\" \/>\n<meta property=\"og:title\" content=\"Paper Stamp Maker - DTC World\" \/>\n<meta property=\"og:description\" content=\"Make a statement for your branding with our luxurious embossed logo Stamp Maker. You can proudly display your company&#8217;s logo [&hellip;]\" \/>\n<meta property=\"og:url\" content=\"https:\/\/dtcworld.com\/my\/product\/c971-paper-stamp-maker\/\" \/>\n<meta property=\"og:site_name\" content=\"DTC World\" \/>\n<meta property=\"article:modified_time\" content=\"2025-06-16T04:44:50+00:00\" \/>\n<meta property=\"og:image\" content=\"https:\/\/dtcworld.com\/my\/wp-content\/uploads\/2024\/05\/Paper-stamp-maker_20220301165136.jpg\" \/>\n\t<meta property=\"og:image:width\" content=\"552\" \/>\n\t<meta property=\"og:image:height\" content=\"552\" \/>\n\t<meta property=\"og:image:type\" content=\"image\/jpeg\" \/>\n<meta name=\"twitter:card\" content=\"summary_large_image\" \/>\n<meta name=\"twitter:label1\" content=\"Estimated reading time\" \/>\n\t<meta name=\"twitter:data1\" content=\"1 minute\" \/>\n<script type=\"application\/ld+json\" class=\"yoast-schema-graph\">{\"@context\":\"https:\\\/\\\/schema.org\",\"@graph\":[{\"@type\":\"WebPage\",\"@id\":\"https:\\\/\\\/dtcworld.com\\\/my\\\/product\\\/c971-paper-stamp-maker\\\/\",\"url\":\"https:\\\/\\\/dtcworld.com\\\/my\\\/product\\\/c971-paper-stamp-maker\\\/\",\"name\":\"Paper Stamp Maker - DTC World\",\"isPartOf\":{\"@id\":\"https:\\\/\\\/dtcworld.com\\\/my\\\/#website\"},\"primaryImageOfPage\":{\"@id\":\"https:\\\/\\\/dtcworld.com\\\/my\\\/product\\\/c971-paper-stamp-maker\\\/#primaryimage\"},\"image\":{\"@id\":\"https:\\\/\\\/dtcworld.com\\\/my\\\/product\\\/c971-paper-stamp-maker\\\/#primaryimage\"},\"thumbnailUrl\":\"https:\\\/\\\/dtcworld.com\\\/my\\\/wp-content\\\/uploads\\\/2024\\\/05\\\/Paper-stamp-maker_20220301165136.jpg\",\"datePublished\":\"2024-05-06T20:42:42+00:00\",\"dateModified\":\"2025-06-16T04:44:50+00:00\",\"breadcrumb\":{\"@id\":\"https:\\\/\\\/dtcworld.com\\\/my\\\/product\\\/c971-paper-stamp-maker\\\/#breadcrumb\"},\"inLanguage\":\"en-GB\",\"potentialAction\":[{\"@type\":\"ReadAction\",\"target\":[\"https:\\\/\\\/dtcworld.com\\\/my\\\/product\\\/c971-paper-stamp-maker\\\/\"]}]},{\"@type\":\"ImageObject\",\"inLanguage\":\"en-GB\",\"@id\":\"https:\\\/\\\/dtcworld.com\\\/my\\\/product\\\/c971-paper-stamp-maker\\\/#primaryimage\",\"url\":\"https:\\\/\\\/dtcworld.com\\\/my\\\/wp-content\\\/uploads\\\/2024\\\/05\\\/Paper-stamp-maker_20220301165136.jpg\",\"contentUrl\":\"https:\\\/\\\/dtcworld.com\\\/my\\\/wp-content\\\/uploads\\\/2024\\\/05\\\/Paper-stamp-maker_20220301165136.jpg\",\"width\":552,\"height\":552,\"caption\":\"Paper stamp maker\"},{\"@type\":\"BreadcrumbList\",\"@id\":\"https:\\\/\\\/dtcworld.com\\\/my\\\/product\\\/c971-paper-stamp-maker\\\/#breadcrumb\",\"itemListElement\":[{\"@type\":\"ListItem\",\"position\":1,\"name\":\"Home\",\"item\":\"https:\\\/\\\/dtcworld.com\\\/my\\\/\"},{\"@type\":\"ListItem\",\"position\":2,\"name\":\"Products\",\"item\":\"https:\\\/\\\/dtcworld.com\\\/my\\\/products\\\/\"},{\"@type\":\"ListItem\",\"position\":3,\"name\":\"Paper Stamp Maker\"}]},{\"@type\":\"WebSite\",\"@id\":\"https:\\\/\\\/dtcworld.com\\\/my\\\/#website\",\"url\":\"https:\\\/\\\/dtcworld.com\\\/my\\\/\",\"name\":\"DTC World\",\"description\":\"\",\"publisher\":{\"@id\":\"https:\\\/\\\/dtcworld.com\\\/my\\\/#organization\"},\"potentialAction\":[{\"@type\":\"SearchAction\",\"target\":{\"@type\":\"EntryPoint\",\"urlTemplate\":\"https:\\\/\\\/dtcworld.com\\\/my\\\/?s={search_term_string}\"},\"query-input\":{\"@type\":\"PropertyValueSpecification\",\"valueRequired\":true,\"valueName\":\"search_term_string\"}}],\"inLanguage\":\"en-GB\"},{\"@type\":\"Organization\",\"@id\":\"https:\\\/\\\/dtcworld.com\\\/my\\\/#organization\",\"name\":\"DTC WOrld\",\"url\":\"https:\\\/\\\/dtcworld.com\\\/my\\\/\",\"logo\":{\"@type\":\"ImageObject\",\"inLanguage\":\"en-GB\",\"@id\":\"https:\\\/\\\/dtcworld.com\\\/my\\\/#\\\/schema\\\/logo\\\/image\\\/\",\"url\":\"https:\\\/\\\/dtcworld.com\\\/my\\\/wp-content\\\/uploads\\\/2024\\\/01\\\/DTC-Logo.svg\",\"contentUrl\":\"https:\\\/\\\/dtcworld.com\\\/my\\\/wp-content\\\/uploads\\\/2024\\\/01\\\/DTC-Logo.svg\",\"width\":134,\"height\":36,\"caption\":\"DTC WOrld\"},\"image\":{\"@id\":\"https:\\\/\\\/dtcworld.com\\\/my\\\/#\\\/schema\\\/logo\\\/image\\\/\"}}]}<\/script>\n<!-- \/ Yoast SEO plugin. -->","yoast_head_json":{"title":"Paper Stamp Maker - DTC World","robots":{"index":"index","follow":"follow","max-snippet":"max-snippet:-1","max-image-preview":"max-image-preview:large","max-video-preview":"max-video-preview:-1"},"canonical":"https:\/\/dtcworld.com\/my\/product\/c971-paper-stamp-maker\/","og_locale":"en_GB","og_type":"article","og_title":"Paper Stamp Maker - DTC World","og_description":"Make a statement for your branding with our luxurious embossed logo Stamp Maker. You can proudly display your company&#8217;s logo [&hellip;]","og_url":"https:\/\/dtcworld.com\/my\/product\/c971-paper-stamp-maker\/","og_site_name":"DTC World","article_modified_time":"2025-06-16T04:44:50+00:00","og_image":[{"width":552,"height":552,"url":"https:\/\/dtcworld.com\/my\/wp-content\/uploads\/2024\/05\/Paper-stamp-maker_20220301165136.jpg","type":"image\/jpeg"}],"twitter_card":"summary_large_image","twitter_misc":{"Estimated reading time":"1 minute"},"schema":{"@context":"https:\/\/schema.org","@graph":[{"@type":"WebPage","@id":"https:\/\/dtcworld.com\/my\/product\/c971-paper-stamp-maker\/","url":"https:\/\/dtcworld.com\/my\/product\/c971-paper-stamp-maker\/","name":"Paper Stamp Maker - DTC World","isPartOf":{"@id":"https:\/\/dtcworld.com\/my\/#website"},"primaryImageOfPage":{"@id":"https:\/\/dtcworld.com\/my\/product\/c971-paper-stamp-maker\/#primaryimage"},"image":{"@id":"https:\/\/dtcworld.com\/my\/product\/c971-paper-stamp-maker\/#primaryimage"},"thumbnailUrl":"https:\/\/dtcworld.com\/my\/wp-content\/uploads\/2024\/05\/Paper-stamp-maker_20220301165136.jpg","datePublished":"2024-05-06T20:42:42+00:00","dateModified":"2025-06-16T04:44:50+00:00","breadcrumb":{"@id":"https:\/\/dtcworld.com\/my\/product\/c971-paper-stamp-maker\/#breadcrumb"},"inLanguage":"en-GB","potentialAction":[{"@type":"ReadAction","target":["https:\/\/dtcworld.com\/my\/product\/c971-paper-stamp-maker\/"]}]},{"@type":"ImageObject","inLanguage":"en-GB","@id":"https:\/\/dtcworld.com\/my\/product\/c971-paper-stamp-maker\/#primaryimage","url":"https:\/\/dtcworld.com\/my\/wp-content\/uploads\/2024\/05\/Paper-stamp-maker_20220301165136.jpg","contentUrl":"https:\/\/dtcworld.com\/my\/wp-content\/uploads\/2024\/05\/Paper-stamp-maker_20220301165136.jpg","width":552,"height":552,"caption":"Paper stamp maker"},{"@type":"BreadcrumbList","@id":"https:\/\/dtcworld.com\/my\/product\/c971-paper-stamp-maker\/#breadcrumb","itemListElement":[{"@type":"ListItem","position":1,"name":"Home","item":"https:\/\/dtcworld.com\/my\/"},{"@type":"ListItem","position":2,"name":"Products","item":"https:\/\/dtcworld.com\/my\/products\/"},{"@type":"ListItem","position":3,"name":"Paper Stamp Maker"}]},{"@type":"WebSite","@id":"https:\/\/dtcworld.com\/my\/#website","url":"https:\/\/dtcworld.com\/my\/","name":"DTC World","description":"","publisher":{"@id":"https:\/\/dtcworld.com\/my\/#organization"},"potentialAction":[{"@type":"SearchAction","target":{"@type":"EntryPoint","urlTemplate":"https:\/\/dtcworld.com\/my\/?s={search_term_string}"},"query-input":{"@type":"PropertyValueSpecification","valueRequired":true,"valueName":"search_term_string"}}],"inLanguage":"en-GB"},{"@type":"Organization","@id":"https:\/\/dtcworld.com\/my\/#organization","name":"DTC WOrld","url":"https:\/\/dtcworld.com\/my\/","logo":{"@type":"ImageObject","inLanguage":"en-GB","@id":"https:\/\/dtcworld.com\/my\/#\/schema\/logo\/image\/","url":"https:\/\/dtcworld.com\/my\/wp-content\/uploads\/2024\/01\/DTC-Logo.svg","contentUrl":"https:\/\/dtcworld.com\/my\/wp-content\/uploads\/2024\/01\/DTC-Logo.svg","width":134,"height":36,"caption":"DTC WOrld"},"image":{"@id":"https:\/\/dtcworld.com\/my\/#\/schema\/logo\/image\/"}}]}},"_links":{"self":[{"href":"https:\/\/dtcworld.com\/my\/wp-json\/wp\/v2\/product\/7425","targetHints":{"allow":["GET"]}}],"collection":[{"href":"https:\/\/dtcworld.com\/my\/wp-json\/wp\/v2\/product"}],"about":[{"href":"https:\/\/dtcworld.com\/my\/wp-json\/wp\/v2\/types\/product"}],"wp:featuredmedia":[{"embeddable":true,"href":"https:\/\/dtcworld.com\/my\/wp-json\/wp\/v2\/media\/13557"}],"wp:attachment":[{"href":"https:\/\/dtcworld.com\/my\/wp-json\/wp\/v2\/media?parent=7425"}],"wp:term":[{"taxonomy":"product_brand","embeddable":true,"href":"https:\/\/dtcworld.com\/my\/wp-json\/wp\/v2\/product_brand?post=7425"},{"taxonomy":"product_cat","embeddable":true,"href":"https:\/\/dtcworld.com\/my\/wp-json\/wp\/v2\/product_cat?post=7425"},{"taxonomy":"product_tag","embeddable":true,"href":"https:\/\/dtcworld.com\/my\/wp-json\/wp\/v2\/product_tag?post=7425"}],"curies":[{"name":"wp","href":"https:\/\/api.w.org\/{rel}","templated":true}]}}